{"id":15783,"date":"2023-11-05T11:49:38","date_gmt":"2023-11-05T11:49:38","guid":{"rendered":"https:\/\/duranka.com\/?page_id=15783"},"modified":"2024-06-15T23:16:11","modified_gmt":"2024-06-15T20:16:11","slug":"terms-and-conditions-page","status":"publish","type":"page","link":"https:\/\/www.duranka.com\/en\/terms-and-conditions-page\/","title":{"rendered":"Terms and Conditions Page"},"content":{"rendered":"\n<p>Duranka web sitesine girmeniz veya web sitedeki herhangi bir bilgiyi kullanman\u0131z a\u015fa\u011f\u0131daki h\u00fck\u00fcm ve ko\u015fullar\u0131 kabul etti\u011finiz anlam\u0131na gelmektedir.<\/p>\n\n\n\n<p>Bu internet sitesine girilmesi, sitenin ya da sitedeki bilgilerin ve di\u011fer verilerin programlar\u0131n vs. kullan\u0131lmas\u0131 sebebiyle, s\u00f6zle\u015fmenin ihlali, haks\u0131z fiil, ya da ba\u015fkaca sebeplere binaen, do\u011fabilecek do\u011frudan ya da dolayl\u0131 hi\u00e7bir zarardan Duranka Teknoloji. sorumlu de\u011fildir. Duranka, s\u00f6zle\u015fmenin ihlali, haks\u0131z fiil, ihmal veya di\u011fer sebepler neticesinde; i\u015flemin kesintiye u\u011framas\u0131, hata, ihmal, kesinti hususunda herhangi bir sorumluluk kabul etmez.<\/p>\n\n\n\n<p>Duranka, i\u015fbu site ve site uzant\u0131s\u0131nda mevcut her t\u00fcr hizmet, \u00fcr\u00fcn, siteyi kullanma ko\u015fullar\u0131 ile sitede sunulan bilgileri \u00f6nceden bir ihtara gerek olmaks\u0131z\u0131n de\u011fi\u015ftirme, siteyi yeniden organize etme, yay\u0131n\u0131 durdurma hakk\u0131n\u0131 sakl\u0131 tutar. De\u011fi\u015fiklikler sitede yay\u0131m an\u0131nda y\u00fcr\u00fcrl\u00fc\u011fe girer. Sitenin kullan\u0131m\u0131 ya da siteye giri\u015f ile bu de\u011fi\u015fiklikler de kabul edilmi\u015f say\u0131l\u0131r. Bu ko\u015fullar link verilen di\u011fer web sayfalar\u0131 i\u00e7in de ge\u00e7erlidir.<\/p>\n\n\n\n<p>Duranka, s\u00f6zle\u015fmenin ihlali, haks\u0131z fiil, ihmal veya di\u011fer sebepler neticesinde; i\u015flemin kesintiye u\u011framas\u0131, hata, ihmal, kesinti, silinme, kay\u0131p, i\u015flemin veya ileti\u015fimin gecikmesi, bilgisayar vir\u00fcs\u00fc, ileti\u015fim hatas\u0131, h\u0131rs\u0131zl\u0131k, imha veya izinsiz olarak kay\u0131tlara girilmesi, de\u011fi\u015ftirilmesi veya kullan\u0131lmas\u0131 hususunda herhangi bir sorumluluk kabul etmez.<\/p>\n\n\n\n<p>Bu internet sitesi Duranka\u2019n\u0131n kontrol\u00fc alt\u0131nda olmayan ba\u015fka internet sitelerine ba\u011flant\u0131 veya referans i\u00e7erebilir. Duranka, bu sitelerin i\u00e7erikleri veya i\u00e7erdikleri di\u011fer ba\u011flant\u0131lardan sorumlu de\u011fildir.<\/p>\n\n\n\n<p>Duranka bu internet sitesinin genel g\u00f6r\u00fcn\u00fcm ve dizayn\u0131 ile internet sitesindeki t\u00fcm bilgi, resim, Duranka markas\u0131 ve di\u011fer markalar,&nbsp;www.duranka.com&nbsp;alan ad\u0131, logo, ikon, demonstratif, yaz\u0131l\u0131, elektronik, grafik veya makinede okunabilir \u015fekilde sunulan teknik veriler, bilgisayar yaz\u0131l\u0131mlar\u0131, uygulanan sat\u0131\u015f sistemi, i\u015f metodu ve i\u015f modeli de dahil t\u00fcm materyallerin (\u201cMateryaller\u201d) ve bunlara ili\u015fkin fikri ve s\u0131nai m\u00fclkiyet haklar\u0131n\u0131n sahibi veya lisans sahibidir ve yasal koruma alt\u0131ndad\u0131r. Internet sitesinde bulunan hi\u00e7bir Materyal; \u00f6nceden izin al\u0131nmadan ve kaynak g\u00f6sterilmeden, kod ve yaz\u0131l\u0131m da dahil olmak \u00fczere, de\u011fi\u015ftirilemez, kopyalanamaz, \u00e7o\u011falt\u0131lamaz, ba\u015fka bir lisana \u00e7evrilemez, yeniden yay\u0131mlanamaz, ba\u015fka bir bilgisayara y\u00fcklenemez, postalanamaz, iletilemez, sunulamaz ya da da\u011f\u0131t\u0131lamaz. Internet sitesinin b\u00fct\u00fcn\u00fc veya bir k\u0131sm\u0131 ba\u015fka bir internet sitesinde izinsiz olarak kullan\u0131lamaz. Aksine hareketler hukuki ve cezai sorumlulu\u011fu gerektirir. Duranka\u2019n\u0131n burada a\u00e7\u0131k\u00e7a belirtilmeyen di\u011fer t\u00fcm haklar\u0131 sakl\u0131d\u0131r.<\/p>\n\n\n\n<p>duranka.com\u2019dan al\u0131\u015fveri\u015f yapmak i\u00e7in \u00fcyelik gerekmemektedir. duranka.com\u2019dan al\u0131\u015fveri\u015f yapan ki\u015filer, bunun ki\u015fisel kullan\u0131m ama\u00e7l\u0131 bir al\u0131\u015fveri\u015f oldu\u011funu, yeniden sat\u0131\u015f ama\u00e7l\u0131 olmad\u0131\u011f\u0131n\u0131 kabul etmi\u015f olurlar.<\/p>\n\n\n\n<p>Havale veya EFT sipari\u015flerinin i\u015fleme al\u0131nma tarihi, sipari\u015fin verildi\u011fi tarih de\u011fil, sipari\u015f toplam tutar\u0131n\u0131n Duranka banka hesaplar\u0131na ula\u015ft\u0131\u011f\u0131n\u0131n g\u00f6r\u00fcld\u00fc\u011f\u00fc tarihtir. Havale veya EFT yoluyla verilen, ancak 1 hafta i\u00e7erisinde \u00f6demesi ger\u00e7ekle\u015ftirilmeyen sipari\u015fler iptal edilmektedir.<\/p>\n\n\n\n<p>Duranka, diledi\u011fi zaman bu yasal uyar\u0131 sayfas\u0131n\u0131n i\u00e7eri\u011fini g\u00fcncelleme yetkisini sakl\u0131 tutmaktad\u0131r.<\/p>\n","protected":false},"excerpt":{"rendered":"<p>Duranka web sitesine girmeniz veya web sitedeki herhangi bir bilgiyi kullanman\u0131z a\u015fa\u011f\u0131daki h\u00fck\u00fcm ve ko\u015fullar\u0131 kabul etti\u011finiz anlam\u0131na gelmektedir. Bu<\/p>\n","protected":false},"author":1,"featured_media":0,"parent":0,"menu_order":0,"comment_status":"closed","ping_status":"closed","template":"","meta":{"_monsterinsights_skip_tracking":false,"_monsterinsights_sitenote_active":false,"_monsterinsights_sitenote_note":"","_monsterinsights_sitenote_category":0,"footnotes":""},"class_list":["post-15783","page","type-page","status-publish","hentry"],"aioseo_notices":[],"_links":{"self":[{"href":"https:\/\/www.duranka.com\/en\/wp-json\/wp\/v2\/pages\/15783","targetHints":{"allow":["GET"]}}],"collection":[{"href":"https:\/\/www.duranka.com\/en\/wp-json\/wp\/v2\/pages"}],"about":[{"href":"https:\/\/www.duranka.com\/en\/wp-json\/wp\/v2\/types\/page"}],"author":[{"embeddable":true,"href":"https:\/\/www.duranka.com\/en\/wp-json\/wp\/v2\/users\/1"}],"replies":[{"embeddable":true,"href":"https:\/\/www.duranka.com\/en\/wp-json\/wp\/v2\/comments?post=15783"}],"version-history":[{"count":1,"href":"https:\/\/www.duranka.com\/en\/wp-json\/wp\/v2\/pages\/15783\/revisions"}],"predecessor-version":[{"id":16268,"href":"https:\/\/www.duranka.com\/en\/wp-json\/wp\/v2\/pages\/15783\/revisions\/16268"}],"wp:attachment":[{"href":"https:\/\/www.duranka.com\/en\/wp-json\/wp\/v2\/media?parent=15783"}],"curies":[{"name":"wp","href":"https:\/\/api.w.org\/{rel}","templated":true}]}}