{"id":15776,"date":"2023-11-05T11:41:28","date_gmt":"2023-11-05T11:41:28","guid":{"rendered":"https:\/\/duranka.com\/?page_id=15776"},"modified":"2024-06-15T23:15:56","modified_gmt":"2024-06-15T20:15:56","slug":"protection-of-personal-data","status":"publish","type":"page","link":"https:\/\/www.duranka.com\/en\/protection-of-personal-data\/","title":{"rendered":"Protection of Personal Data"},"content":{"rendered":"\n<p><strong>Ki\u015fisel Verilerin \u0130\u015flenmesi Hakk\u0131nda A\u00e7\u0131k R\u0131za Metni<\/strong><\/p>\n\n\n\n<p>S\u0130TE\/MOB\u0130L UYGULAMA \u00dcYEL\u0130\u011e\u0130NE \u0130L\u0130\u015eK\u0130N A\u00c7IK RIZA METN\u0130<\/p>\n\n\n\n<p>Mevcut veya ileride g\u00fcncelleyece\u011fim ki\u015fisel verilerimin, \u00fcyelik ekran\u0131nda taraf\u0131ma sunulan, ayr\u0131ca Duranka Teknoloji (Duranka) internet sitesi (https:\/\/www.duranka.com \u201cSite\u201d) \u00fczerinden her zaman ula\u015fabilece\u011fim ayd\u0131nlatma metninde detayl\u0131 olarak a\u00e7\u0131kland\u0131\u011f\u0131 \u015fekilde, Site\/Mobil Uygulama \u00fcyelik (\u201c\u00fcye\u201d) i\u015flemlerinin ger\u00e7ekle\u015ftirilmesini sa\u011flamak, \u00fcye giri\u015fi yapabilmem, \u00fcyelik bilgilendirmelerini alabilmem, \u00fcye olarak Site\/Mobil Uygulama \u00fczerinden al\u0131\u015fveri\u015f yapmak i\u00e7in her al\u0131\u015fveri\u015f i\u015fleminde tekrar bilgilerimin girilmesine gerek kalmadan \u00fcye bilgilerimi kullanarak al\u0131\u015fveri\u015f yapabilmem, \u00fcye olarak daha \u00f6nce verdi\u011fim sipari\u015fleri ve sipari\u015f ge\u00e7mi\u015fini g\u00f6r\u00fcnt\u00fcleyebilmem, \u00f6zel \u00fcyelik programlar\u0131ndan faydalanabilmem, ma\u011fazalar ve Site\/Mobil Uygulama\u2019dan yapaca\u011f\u0131m al\u0131\u015fveri\u015flerime g\u00f6re olu\u015fturulacak bana \u00f6zel imkan ve tekliflerden yararlanmam, puan kazanabilmem ve bu puanlar\u0131 kullanabilmem, genel veya bana \u00f6zel ki\u015fiselle\u015ftirilmi\u015f kampanyalar, avantajlar, promosyonlar, reklamlar\u0131n olu\u015fturulmas\u0131, kampanyalar\u0131n d\u00fczenlenmesi, segmentasyon, raporlama, profilleme, pazarlama ve analiz \u00e7al\u0131\u015fmalar\u0131n\u0131n yap\u0131lmas\u0131, Mobil Uygulama, Site veya di\u011fer 3. taraf ortamlarda Duranka\u2019ya ait reklamlar\u0131n ve pazarlama\/ileti\u015fim faaliyetlerinin (Mobil Uygulama ve Site\u2019deki bildirimler, pop-up g\u00f6sterimi, ki\u015fiye \u00f6zel teklifler, kullan\u0131c\u0131 ekranlar\u0131n\u0131n \u00f6zelle\u015ftirilmesi, reklam, arama, anket vs.) yap\u0131lmas\u0131 ama\u00e7lar\u0131yla i\u015flenmesine ve veri zenginle\u015ftirme\/tekille\u015ftirme faaliyetlerinde bulunulmas\u0131 ama\u00e7lar\u0131yla Duranka\u2019n\u0131n i\u015f ortaklar\u0131yla payla\u015f\u0131lmas\u0131na ve bu \u015firketlerle payla\u015ft\u0131\u011f\u0131n\u0131z verilerinizin Duranka taraf\u0131nda da g\u00fcncellenmesi, zenginle\u015ftirilmesine, bili\u015fim teknolojileri, pazarlama\/reklam faaliyetleri ya da uzmanl\u0131k gerektiren dan\u0131\u015fmanl\u0131k vb. konularda \u00fcr\u00fcn ve hizmet deste\u011fi almak amac\u0131yla Duranka\u2019n\u0131n yurti\u00e7i ve yurtd\u0131\u015f\u0131nda bulunan hizmet sa\u011flay\u0131c\u0131 ve tedarik\u00e7ileriyle payla\u015f\u0131lmas\u0131na r\u0131za veriyorum.<\/p>\n","protected":false},"excerpt":{"rendered":"<p>Ki\u015fisel Verilerin \u0130\u015flenmesi Hakk\u0131nda A\u00e7\u0131k R\u0131za Metni S\u0130TE\/MOB\u0130L UYGULAMA \u00dcYEL\u0130\u011e\u0130NE \u0130L\u0130\u015eK\u0130N A\u00c7IK RIZA METN\u0130 Mevcut veya ileride g\u00fcncelleyece\u011fim ki\u015fisel verilerimin,<\/p>\n","protected":false},"author":1,"featured_media":0,"parent":0,"menu_order":0,"comment_status":"closed","ping_status":"closed","template":"","meta":{"_monsterinsights_skip_tracking":false,"_monsterinsights_sitenote_active":false,"_monsterinsights_sitenote_note":"","_monsterinsights_sitenote_category":0,"footnotes":""},"class_list":["post-15776","page","type-page","status-publish","hentry"],"aioseo_notices":[],"_links":{"self":[{"href":"https:\/\/www.duranka.com\/en\/wp-json\/wp\/v2\/pages\/15776","targetHints":{"allow":["GET"]}}],"collection":[{"href":"https:\/\/www.duranka.com\/en\/wp-json\/wp\/v2\/pages"}],"about":[{"href":"https:\/\/www.duranka.com\/en\/wp-json\/wp\/v2\/types\/page"}],"author":[{"embeddable":true,"href":"https:\/\/www.duranka.com\/en\/wp-json\/wp\/v2\/users\/1"}],"replies":[{"embeddable":true,"href":"https:\/\/www.duranka.com\/en\/wp-json\/wp\/v2\/comments?post=15776"}],"version-history":[{"count":1,"href":"https:\/\/www.duranka.com\/en\/wp-json\/wp\/v2\/pages\/15776\/revisions"}],"predecessor-version":[{"id":16248,"href":"https:\/\/www.duranka.com\/en\/wp-json\/wp\/v2\/pages\/15776\/revisions\/16248"}],"wp:attachment":[{"href":"https:\/\/www.duranka.com\/en\/wp-json\/wp\/v2\/media?parent=15776"}],"curies":[{"name":"wp","href":"https:\/\/api.w.org\/{rel}","templated":true}]}}